{"id":43,"date":"2024-06-06T13:01:55","date_gmt":"2024-06-06T13:01:55","guid":{"rendered":"https:\/\/tvr-reifen.de\/?page_id=43"},"modified":"2026-03-18T13:59:44","modified_gmt":"2026-03-18T13:59:44","slug":"tvr-reifen","status":"publish","type":"page","link":"https:\/\/tvr-reifen.de\/","title":{"rendered":"TVR-Reifen"},"content":{"rendered":"<div class=\"\" style=\"\" >\n  \n    \n    <section class=\"u-clearfix u-palette-3-base u-section-2\" id=\"sec-a54f\">\n      <div class=\"u-clearfix u-sheet u-sheet-1\">\n        <div class=\"data-layout-selected u-clearfix u-expanded-width u-layout-wrap u-layout-wrap-1\">\n          <div class=\"u-layout\">\n            <div class=\"u-layout-row\">\n              <div class=\"u-align-center u-container-align-center u-container-style u-image u-layout-cell u-shape-rectangle u-size-30 u-image-1\" data-image-width=\"600\" data-image-height=\"400\" style=\"background-image: url(&quot;https:\/\/tvr-reifen.de\/wp-content\/uploads\/2024\/10\/522A1057.webp&quot;);\">\n                <div class=\"u-container-layout u-valign-top u-container-layout-1\"><\/div>\n              <\/div>\n              <div class=\"u-align-left u-container-align-left u-container-style u-hidden-lg u-hidden-md u-layout-cell u-size-30 u-layout-cell-2\">\n                <div class=\"u-container-layout u-container-layout-2\">\n                  <h2 class=\"u-text u-text-1\"> KFZ-Meisterbetrieb f\u00fcr Inspektionen, Reifenmontage und KFZ-Reparaturen<\/h2>\n                  <p class=\"u-text u-text-2\"> Reifen sind ein wesentlicher Bestandteil eines jeden Fahrzeugs, der die Verbindung zwischen dem Fahrzeug und der Stra\u00dfe herstellt. Sie spielen eine entscheidende Rolle f\u00fcr die Sicherheit, den Fahrkomfort und die Effizienz des Fahrzeugs.<br>\n                    <br>\n                    <br>\n                  <\/p>\n                <\/div>\n              <\/div>\n            <\/div>\n          <\/div>\n        <\/div>\n        <div class=\"data-layout-selected u-clearfix u-expanded-width u-hidden-md u-layout-wrap u-layout-wrap-2\">\n          <div class=\"u-layout\">\n            <div class=\"u-layout-row\">\n              <div class=\"u-align-center u-container-align-center u-container-style u-hidden-lg u-hidden-sm u-hidden-xl u-hidden-xs u-image u-layout-cell u-shape-rectangle u-size-30 u-image-2\" data-image-width=\"1900\" data-image-height=\"1267\" style=\"background-image: url(&quot;https:\/\/tvr-reifen.de\/wp-content\/uploads\/2024\/11\/522A1080.jpg&quot;);\">\n                <div class=\"u-container-layout u-container-layout-3\"><\/div>\n              <\/div>\n              <div class=\"u-container-style u-hidden-lg u-hidden-sm u-hidden-xl u-hidden-xs u-layout-cell u-size-30 u-layout-cell-4\">\n                <div class=\"u-container-layout u-container-layout-4\">\n                  <h2 class=\"u-text u-text-3\">KFZ Reparatur<\/h2>\n                  <p class=\"u-large-text u-text u-text-variant u-text-4\"> Ihr Fahrzeug verdient die beste Pflege. In unserer Werkstatt bieten wir Ihnen ein umfassendes Leistungsspektrum, das keine W\u00fcnsche offen l\u00e4sst. Unsere erfahrenen Mechaniker f\u00fchren pr\u00e4zise Inspektionen durch, um potenzielle Probleme fr\u00fchzeitig zu erkennen und zu beheben. Komplexe Reparaturen jeglicher Art werden von uns schnell und zuverl\u00e4ssig durchgef\u00fchrt. Auch f\u00fcr Ihren Reifenwechsel sind wir Ihr kompetenter Ansprechpartner. Vertrauen Sie auf unsere Expertise und die hohe Qualit\u00e4t unserer Arbeit.<br>\n                    <br>\n                  <\/p>\n                <\/div>\n              <\/div>\n            <\/div>\n          <\/div>\n        <\/div>\n        <h2 class=\"u-hidden-lg u-hidden-sm u-hidden-xl u-hidden-xs u-text u-text-5\">Ihr KFZ-Meisterbetrieb bei Reifenmontage und KFZ-Reparaturen <\/h2>\n        <p class=\"u-hidden-lg u-hidden-sm u-hidden-xl u-hidden-xs u-large-text u-text u-text-variant u-text-6\"> Reifen sind ein wesentlicher Bestandteil eines jeden Fahrzeugs, der die Verbindung zwischen dem Fahrzeug und der Stra\u00dfe herstellt. Sie spielen eine entscheidende Rolle f\u00fcr die Sicherheit, den Fahrkomfort und die Effizienz des Fahrzeugs.<br>\n          <br>\n        <\/p>\n        <h2 class=\"u-hidden-md u-hidden-sm u-hidden-xl u-hidden-xs u-text u-text-7\">Ihr KFZ-Meisterbetrieb bei Reifenmontage und&nbsp;<br>KFZ-Reparaturen \n        <\/h2>\n        <p class=\"u-hidden-md u-hidden-sm u-hidden-xl u-hidden-xs u-large-text u-text u-text-variant u-text-8\"> Reifen sind ein wesentlicher Bestandteil eines jeden Fahrzeugs, der die Verbindung zwischen dem Fahrzeug und der Stra\u00dfe herstellt. Sie spielen eine entscheidende Rolle f\u00fcr die Sicherheit, den Fahrkomfort und die Effizienz des Fahrzeugs.<br>\n          <br>\n        <\/p>\n      <\/div>\n    <\/section>\n    <section class=\"u-clearfix u-custom-color-1 u-section-3\" id=\"carousel_0fe1\">\n      <div class=\"u-clearfix u-sheet u-sheet-1\">\n        <div class=\"data-layout-selected u-clearfix u-expanded-width u-layout-wrap u-layout-wrap-1\">\n          <div class=\"u-layout\">\n            <div class=\"u-layout-row\">\n              <div class=\"u-container-style u-layout-cell u-size-30 u-layout-cell-1\">\n                <div class=\"u-container-layout u-container-layout-1\">\n                  <h2 class=\"u-text u-text-1\">KFZ Reparatur<\/h2>\n                  <p class=\"u-large-text u-text u-text-variant u-text-2\"> Ihr Fahrzeug verdient die beste Pflege. In unserer Werkstatt bieten wir Ihnen ein umfassendes Leistungsspektrum, das keine W\u00fcnsche offen l\u00e4sst. Unsere erfahrenen Mechaniker f\u00fchren pr\u00e4zise Inspektionen durch, um potenzielle Probleme fr\u00fchzeitig zu erkennen und zu beheben. Komplexe Reparaturen jeglicher Art werden von uns schnell und zuverl\u00e4ssig durchgef\u00fchrt. Auch f\u00fcr Ihren Reifenwechsel sind wir Ihr kompetenter Ansprechpartner. Vertrauen Sie auf unsere Expertise und die hohe Qualit\u00e4t unserer Arbeit.<br>\n                    <br>\n                  <\/p>\n                <\/div>\n              <\/div>\n              <div class=\"u-align-center u-container-align-center u-container-style u-image u-layout-cell u-shape-rectangle u-size-30 u-image-1\" data-image-width=\"1900\" data-image-height=\"1267\" style=\"background-image: url(&quot;https:\/\/tvr-reifen.de\/wp-content\/uploads\/2024\/11\/522A1080.jpg&quot;);\">\n                <div class=\"u-container-layout u-container-layout-2\"><\/div>\n              <\/div>\n            <\/div>\n          <\/div>\n        <\/div>\n      <\/div>\n    <\/section>\n    <section class=\"u-clearfix u-palette-3-base u-section-4\" id=\"carousel_659f\">\n      <div class=\"u-clearfix u-sheet u-valign-middle u-sheet-1\">\n        <div class=\"data-layout-selected u-clearfix u-expanded-width u-layout-wrap u-layout-wrap-1\">\n          <div class=\"u-layout\">\n            <div class=\"u-layout-row\">\n              <div class=\"u-container-style u-layout-cell u-size-29-lg u-size-29-md u-size-29-sm u-size-29-xs u-size-31-xl u-layout-cell-1\">\n                <div class=\"u-container-layout u-container-layout-1\">\n                  <h1 class=\"u-align-left u-text u-text-1\">TVR-Reifen<\/h1>\n                <\/div>\n              <\/div>\n              <div class=\"u-align-left u-container-align-left u-container-style u-layout-cell u-size-29-xl u-size-31-lg u-size-31-md u-size-31-sm u-size-31-xs u-layout-cell-2\">\n                <div class=\"u-container-layout u-container-layout-2\">\n                  <h5 class=\"u-text u-text-black u-text-2\">Bei uns sind Sie in&nbsp;<span style=\"font-weight: 700;\">\n                      <br>guten H\u00e4nden<\/span>\n                  <\/h5>\n                <\/div>\n              <\/div>\n            <\/div>\n          <\/div>\n        <\/div>\n      <\/div>\n    <\/section>\n    <section class=\"u-clearfix u-custom-color-1 u-section-5\" id=\"carousel_d920\">\n      <div class=\"u-clearfix u-sheet u-valign-middle-lg u-valign-middle-md u-valign-middle-xl u-sheet-1\">\n        <div class=\"data-layout-selected u-align-left-lg u-align-left-md u-align-left-sm u-align-left-xl u-clearfix u-expanded-width u-layout-wrap u-layout-wrap-1\">\n          <div class=\"u-gutter-0 u-layout\" style=\"\">\n            <div class=\"u-layout-row\" style=\"\">\n              <div class=\"u-container-style u-layout-cell u-size-60 u-layout-cell-1\">\n                <div class=\"u-container-layout u-container-layout-1\">\n                  <div class=\"u-expanded-width-lg u-expanded-width-md u-expanded-width-sm u-expanded-width-xs u-gallery u-layout-grid u-lightbox u-no-transition u-show-text-on-hover u-gallery-1\">\n                    <div class=\"u-gallery-inner u-gallery-inner-1\">\n                      <div class=\"u-effect-fade u-gallery-item u-gallery-item-1\">\n                        <div class=\"u-back-slide\" data-image-width=\"400\" data-image-height=\"600\">\n                          <img decoding=\"async\" class=\"u-back-image u-expanded\" src=\"https:\/\/tvr-reifen.de\/wp-content\/uploads\/2024\/10\/522A1108.webp\">\n                        <\/div>\n                        <div class=\"u-over-slide u-shading u-over-slide-1\"><\/div>\n                      <\/div>\n                    <\/div>\n                  <\/div>\n                  <h2 class=\"u-align-left u-text u-text-1\"> Unsere Angebote im \u00dcberblick:<\/h2>\n                  <p class=\"u-large-text u-text u-text-variant u-text-2\"><span style=\"font-weight: 700;\">Service und Beratung:<\/span> Unser erfahrenes Team steht Ihnen mit Rat und Tat zur Seite. Wir bieten Ihnen professionelle Beratung, damit Sie die besten Reifen f\u00fcr Ihre individuellen Bed\u00fcrfnisse finden. Unser Rundum-Service umfasst auch die Montage, Auswuchtung und Einlagerung Ihrer Reifen.<br>\n                    <br><span style=\"font-weight: 700;\">Sommerreifen:<\/span> Optimale Performance bei hohen Temperaturen und trockenen Stra\u00dfenverh\u00e4ltnissen. Unsere Sommerreifen bieten exzellente Haftung, verk\u00fcrzte Bremswege und eine lange Lebensdauer. Entdecken Sie unsere Markenreifen zu unschlagbaren Preisen.<br>\n                    <br><span style=\"font-weight: 700;\">Winterreifen:<\/span> F\u00fcr sichere Fahrten bei Schnee, Eis und niedrigen Temperaturen. Unsere Winterreifen sind speziell entwickelt, um auch unter extremen Bedingungen maximale Sicherheit und Kontrolle zu gew\u00e4hrleisten. Profitieren Sie von unseren attraktiven Angeboten und f\u00fchlen Sie sich auch im Winter sicher unterwegs.<br>\n                    <br><span style=\"font-weight: 700;\">Ganzjahresreifen<\/span><span style=\"font-weight: 700;\">:<\/span> Der ideale Kompromiss f\u00fcr alle, die das ganze Jahr \u00fcber flexibel bleiben m\u00f6chten. Unsere Ganzjahresreifen bieten eine hervorragende Performance bei unterschiedlichsten Wetterbedingungen. Sparen Sie sich den Reifenwechsel und vertrauen Sie auf unsere Allrounder.<br>\n                    <br><span style=\"font-weight: 700;\">Offroad- und SUV-Reifen<\/span> F\u00fcr Abenteuer abseits befestigter Stra\u00dfen. Unsere Offroad- und SUV-Reifen sind robust, langlebig und bieten hervorragenden Grip auf unwegsamem Gel\u00e4nde. Perfekt f\u00fcr alle, die das Abenteuer suchen.<br>\n                    <br><span style=\"font-weight: 700;\">Lkw- und Nutzfahrzeugreifen<\/span> Unsere speziellen Reifen f\u00fcr Lkw und Nutzfahrzeuge sind auf h\u00f6chste Belastungen ausgelegt. Sie bieten eine hohe Kilometerleistung, Wirtschaftlichkeit und Zuverl\u00e4ssigkeit. Ideal f\u00fcr den professionellen Einsatz im Transport- und Logistikbereich.<br>\n                    <br>\n                    <br>\n                  <\/p>\n                <\/div>\n              <\/div>\n            <\/div>\n          <\/div>\n        <\/div>\n      <\/div>\n    <\/section>\n    <section class=\"u-black u-clearfix u-section-6\" id=\"carousel_14aa\">\n      <div class=\"u-clearfix u-sheet u-valign-middle-lg u-valign-middle-md u-sheet-1\">\n        <div class=\"data-layout-selected u-clearfix u-expanded-width u-layout-wrap u-layout-wrap-1\">\n          <div class=\"u-layout\">\n            <div class=\"u-layout-row\">\n              <div class=\"u-container-style u-image u-image-contain u-layout-cell u-left-cell u-size-37-lg u-size-37-md u-size-37-sm u-size-37-xs u-size-40-xl u-image-1\" data-image-width=\"5197\" data-image-height=\"3464\" style=\"background-image: url(&quot;https:\/\/tvr-reifen.de\/wp-content\/uploads\/2024\/06\/43-0-6.jpeg&quot;);\">\n                <div class=\"u-container-layout u-container-layout-1\"><\/div>\n              <\/div>\n              <div class=\"u-align-center-md u-align-center-sm u-align-center-xs u-align-right-lg u-align-right-xl u-container-style u-layout-cell u-right-cell u-size-20-xl u-size-23-lg u-size-23-md u-size-23-sm u-size-23-xs u-layout-cell-2\">\n                <div class=\"u-container-layout u-valign-middle-lg u-valign-middle-xl u-container-layout-2\">\n                  <h2 class=\"u-align-right-md u-align-right-sm u-align-right-xs u-text u-text-custom-color-1 u-text-1\"><span class=\"u-text-palette-3-base\">Sicher.<\/span><span class=\"u-text-white\">Vertrauenswert.<\/span><span class=\"u-text-white\">Einfach.<\/span>\n                  <\/h2>\n                <\/div>\n              <\/div>\n            <\/div>\n          <\/div>\n        <\/div>\n      <\/div>\n    <\/section>\n    <section class=\"u-clearfix u-custom-color-1 u-section-7\" id=\"carousel_9254\">\n      <div class=\"u-clearfix u-sheet u-valign-middle-lg u-valign-middle-xl u-sheet-1\">\n        <div class=\"data-layout-selected u-clearfix u-expanded-width u-layout-wrap u-layout-wrap-1\">\n          <div class=\"u-layout\" style=\"\">\n            <div class=\"u-layout-row\" style=\"\">\n              <div class=\"u-align-left u-container-align-left u-container-style u-custom-color-1 u-layout-cell u-right-cell u-size-60 u-layout-cell-1\">\n                <div class=\"u-container-layout u-container-layout-1\">\n                  <div class=\"u-custom-color-1 u-form u-form-1\">\n                    <form action=\"https:\/\/tvr-reifen.de\/wp-content\/plugins\/nicepage\/templates\/form.php?id=43&formId=a603-carousel_9254\" class=\"u-block-2345-12 u-clearfix u-form-spacing-20 u-form-vertical u-inner-form\" source=\"customphp\" style=\"padding: 15px;\" name=\"tvr-reifen\"><!-- hidden inputs for siteId and pageId -->\n                      <div class=\"u-form-group u-form-name u-label-top\">\n                        <label for=\"name-f798\" class=\"u-label\">Bitte geben Sie Ihren Namen ein:<\/label>\n                        <input type=\"text\" placeholder=\"Vor-\/Nachname\" id=\"name-f798\" name=\"name\" class=\"u-border-2 u-border-no-left u-border-no-right u-border-no-top u-border-white u-input u-input-rectangle u-text-body-color\" required=\"\">\n                      <\/div><!-- always visible -->\n                      <div class=\"u-form-email u-form-group u-label-top\">\n                        <label for=\"email-f798\" class=\"u-label\">Bitte geben Sie Ihre Email Adresse ein:<\/label>\n                        <input type=\"email\" placeholder=\"E-Mail\" id=\"email-f798\" name=\"email\" class=\"u-border-2 u-border-no-left u-border-no-right u-border-no-top u-border-white u-input u-input-rectangle u-text-body-color\" required=\"\">\n                      <\/div>\n                      <div class=\"u-form-group u-form-message u-label-top\">\n                        <label for=\"message-f798\" class=\"u-label\">Beschreiben Sie Ihr Anliegen:<\/label>\n                        <textarea placeholder=\"Ihre Nachricht\" rows=\"4\" cols=\"50\" id=\"message-f798\" name=\"Nachricht\" class=\"u-border-2 u-border-no-left u-border-no-right u-border-no-top u-border-white u-input u-input-rectangle u-text-body-color\" required=\"\"><\/textarea>\n                      <\/div>\n                      <div class=\"u-form-agree u-form-group u-label-top u-form-group-4\">\n                        <label class=\"u-block-2345-40 u-field-label\" style=\"\"><\/label>\n                        <input type=\"checkbox\" id=\"agree-3a9d\" name=\"agree\" class=\"u-agree-checkbox u-field-input\" required=\"\">\n                        <label for=\"agree-3a9d\" class=\"u-agree-label u-field-label\">Ich akzeptiere die <a class=\"u-btn u-button-link u-button-style u-text-white u-btn-1\" href=\"#\">Nutzungsbedingungen<\/a>\n                        <\/label>\n                      <\/div>\n                      <div class=\"u-form-group u-form-submit u-label-top\">\n                        <a href=\"#\" class=\"u-active-white u-border-2 u-border-active-white u-border-hover-white u-border-palette-3-base u-btn u-btn-round u-btn-submit u-button-style u-hover-palette-1-dark-2 u-radius-25 u-text-active-palette-3-base u-text-hover-palette-3-dark-1 u-text-palette-3-base u-btn-2\">abschicken<\/a>\n                        <input type=\"submit\" value=\"submit\" class=\"u-form-control-hidden\">\n                      <\/div>\n                      <div class=\"u-form-send-message u-form-send-success\"> Thank you! Your message has been sent. <\/div>\n                      <div class=\"u-form-send-error u-form-send-message\"> Unable to send your message. Please fix errors then try again. <\/div>\n                      <input type=\"hidden\" value=\"\" name=\"recaptchaResponse\">\n                    <\/form>\n                  <\/div>\n                  <h2 class=\"u-text u-text-1\">Kontaktieren Sie uns<\/h2>\n                  <h2 class=\"u-text u-text-2\">Unsere Adresse<\/h2>\n                  <h5 class=\"u-text u-text-3\">Ringstra\u00dfe 16<br><span style=\"font-weight: 700;\">66459 Kirkel- Limbach<\/span>\n                    <br>\n                    <br>Tel.: <span style=\"font-weight: 700;\">\n                      <a href=\"tel:068419598483\" class=\"u-btn u-button-link u-button-style u-text-body-alt-color u-btn-3\">06841 - 9598483<\/a><\/span>\n                    <br>Fax.: <span style=\"font-weight: 700;\">06841 - 9598485<\/span>\n                    <br>\n                    <br>info@tvr-reifen.de\n                  <\/h5>\n                <\/div>\n              <\/div>\n            <\/div>\n          <\/div>\n        <\/div>\n      <\/div>\n    <\/section>\n    <section class=\"u-clearfix u-palette-3-base u-section-8\" id=\"sec-0942\">\n      <div class=\"u-clearfix u-sheet u-sheet-1\">\n        <h2 class=\"u-text u-text-default u-text-1\">Impressum<\/h2>\n        <p class=\"u-small-text u-text u-text-default u-text-variant u-text-2\"><span style=\"font-size: 1.0625rem; font-weight: 700;\"> Angaben gem\u00e4\u00df \u00a7 5 TMG:<\/span><span style=\"font-size: 1.0625rem;\">\n            <br><\/span> TVR Transporte, Ventile- &amp;\n          Reifenmontage<br>Ringstra\u00dfe 16&nbsp;<br>66459 Kirkel-Limbach<br><span style=\"font-weight: 700;\">Vertreten durch:<\/span>\n          <br>Georg Heinrich<br>\n          <br><span style=\"font-weight: 700;\">Kontakt:<\/span>\n          <br>Telefon: <a href=\"tel:068419598483\" class=\"u-btn u-button-link u-button-style u-text-palette-1-base u-btn-1\">06841 - 9598483<\/a>\n          <br>Telefax:\u200b06841 - 9598485<br>E-Mail:<a href=\"mailto:info@tvr-verpackung.de\" class=\"u-btn u-button-style u-text-palette-1-base u-btn-2\"> info@tvr-reifen.de<\/a>\n          <br><span style=\"font-weight: 700;\">Umsatzsteuer-ID: Umsatzsteuer-Identifikationsnummer gem\u00e4\u00df \u00a727 a Umsatzsteuergesetz:<\/span>\n          <br> DE341912332<br>\n          <br>Handelsregisternummer:&nbsp;<b>HRA 1620&nbsp;<\/b>\n          <br>\n          <br>Quelle:&nbsp;<a href=\"http:\/\/www.e-recht24.de\/\" rel=\"nofollow\" class=\"u-btn u-button-style u-text-palette-1-base u-btn-3\">http:\/\/www.e-recht24.de<\/a>\n        <\/p>\n      <\/div>\n    <\/section>\n    \n    \n    \n    \n  \n<\/div>","protected":false},"excerpt":{"rendered":"<p>KFZ-Meisterbetrieb f\u00fcr Inspektionen, Reifenmontage und KFZ-Reparaturen Reifen sind ein wesentlicher Bestandteil eines jeden Fahrzeugs, der die Verbindung zwischen dem Fahrzeug und der Stra\u00dfe herstellt. Sie spielen eine entscheidende Rolle f\u00fcr die Sicherheit, den Fahrkomfort und die Effizienz des Fahrzeugs. KFZ Reparatur Ihr Fahrzeug verdient die beste Pflege. In unserer Werkstatt bieten wir Ihnen ein umfassendes [&hellip;]<\/p>\n","protected":false},"author":1,"featured_media":0,"parent":0,"menu_order":0,"comment_status":"closed","ping_status":"closed","template":"","meta":{"footnotes":""},"class_list":["post-43","page","type-page","status-publish","hentry"],"_links":{"self":[{"href":"https:\/\/tvr-reifen.de\/index.php?rest_route=\/wp\/v2\/pages\/43","targetHints":{"allow":["GET"]}}],"collection":[{"href":"https:\/\/tvr-reifen.de\/index.php?rest_route=\/wp\/v2\/pages"}],"about":[{"href":"https:\/\/tvr-reifen.de\/index.php?rest_route=\/wp\/v2\/types\/page"}],"author":[{"embeddable":true,"href":"https:\/\/tvr-reifen.de\/index.php?rest_route=\/wp\/v2\/users\/1"}],"replies":[{"embeddable":true,"href":"https:\/\/tvr-reifen.de\/index.php?rest_route=%2Fwp%2Fv2%2Fcomments&post=43"}],"version-history":[{"count":34,"href":"https:\/\/tvr-reifen.de\/index.php?rest_route=\/wp\/v2\/pages\/43\/revisions"}],"predecessor-version":[{"id":110,"href":"https:\/\/tvr-reifen.de\/index.php?rest_route=\/wp\/v2\/pages\/43\/revisions\/110"}],"wp:attachment":[{"href":"https:\/\/tvr-reifen.de\/index.php?rest_route=%2Fwp%2Fv2%2Fmedia&parent=43"}],"curies":[{"name":"wp","href":"https:\/\/api.w.org\/{rel}","templated":true}]}}